{"id":30873,"date":"2023-01-20T21:27:40","date_gmt":"2023-01-20T20:27:40","guid":{"rendered":"https:\/\/primaapartamentos.com\/privacy-policy-2\/"},"modified":"2023-01-30T10:58:45","modified_gmt":"2023-01-30T09:58:45","slug":"privacy-policy-2","status":"publish","type":"page","link":"https:\/\/primaapartamentos.com\/pl\/privacy-policy-2\/","title":{"rendered":"Polityka prywatno\u015bci (RODO)"},"content":{"rendered":"\n<h3 class=\"wp-block-heading\">1. <strong>Rodzaj i zakres przetwarzanych danych osobowych<\/strong><\/h3>\n\n\n\n<h4 class=\"wp-block-heading\"><strong>1.1<em> Dane przekazywane bezpo\u015brednio przez Ciebie<\/em><\/strong><\/h4>\n\n\n\n<p><strong>Rezerwacja nocleg\u00f3w na portalu www.primaapartamentos.com<\/strong><\/p>\n\n\n\n<p>Podczas rezerwacji nocleg\u00f3w na portalu www.primaapartamentos.com mo\u017cemy zbiera\u0107 na Tw\u00f3j temat nast\u0119puj\u0105ce informacje: imi\u0119, nazwisko oraz adres e-mail.<\/p>\n\n\n\n<p>Podczas dokonywania rezerwacji mo\u017cesz r\u00f3wnie\u017c dobrowolnie poda\u0107 sw\u00f3j numer telefonu kom\u00f3rkowego.<\/p>\n\n\n\n<p><strong>Komunikacja telefoniczna oraz prowadzenie korespondencji<\/strong><\/p>\n\n\n\n<p>W przypadku kontaktu telefonicznego lub mailowego zbieramy wszystkie informacje, kt\u00f3re zdecydujesz si\u0119 przekaza\u0107 podczas rozmowy lub w trakcie korespondencji z nami. Rozmowy telefoniczne nie s\u0105 nagrywane.<\/p>\n\n\n\n<h4 class=\"wp-block-heading\"><strong>1.2<em> Dane, kt\u00f3re gromadzimy automatycznie kiedy korzystasz z naszych Us\u0142ug<\/em><\/strong><\/h4>\n\n\n\n<p>Kiedy korzystasz z naszego portalu, automatycznie zbieramy o Tobie nast\u0119puj\u0105ce informacje:<\/p>\n\n\n\n<p><strong>Dane o urz\u0105dzeniu<\/strong><\/p>\n\n\n\n<p>Gromadzimy informacje dotycz\u0105ce Twojego urz\u0105dzenia, takie jak wersja systemu operacyjnego oraz unikalne identyfikatory. Przyk\u0142adem takich informacji jest nazwa sieci kom\u00f3rkowej, z kt\u00f3rej korzystasz.<\/p>\n\n\n\n<p><strong>Dane o aktywno\u015bci w portalu<\/strong><\/p>\n\n\n\n<p>Zbieramy informacje dotycz\u0105ce Twojej aktywno\u015bci na portalu, a w\u015br\u00f3d nich informacje o stronach, z kt\u00f3rych trafiasz na nasz portal, dat\u0119 ka\u017cdej wizyty, wyniki Twoich wyszukiwa\u0144, listy produkt\u00f3w oraz banery reklamowe, w kt\u00f3re klikn\u0105\u0142e\u015b, Twoje interakcje z takimi reklamami i listami produktowymi, czas trwania Twojej wizyty, a tak\u017ce kolejno\u015b\u0107, w jakiej odwiedza\u0142e\u015b poszczeg\u00f3lne sekcje naszego portalu.<\/p>\n\n\n\n<p><strong>Cookies<\/strong><\/p>\n\n\n\n<p>Wykorzystujemy cookies w celu zarz\u0105dzania sesjami u\u017cytkownik\u00f3w, przechowywania wyboru preferencji j\u0119zykowych oraz dostarczania Ci odpowiednich reklam. \u201eCookies\u201d to niewielkie pliki tekstowe przesy\u0142ane przez serwer internetowy na twardy dysk Twojego urz\u0105dzenia. Cookies mog\u0105 by\u0107 wykorzystywane do gromadzenia informacji o dacie i godzinie Twojej wizyty, Twojej historii przegl\u0105dania, Twoich preferencjach, oraz nazwie u\u017cytkownika. Mo\u017cesz zmieni\u0107 ustawienia Twojej przegl\u0105darki, aby odrzuci\u0107 wszystkie lub niekt\u00f3re cookies, lub ustawi\u0107 ostrze\u017cenia informuj\u0105ce Ci\u0119, \u017ce strony internetowe umieszczaj\u0105 lub maj\u0105 dost\u0119p do cookies. Pami\u0119taj, \u017ce je\u015bli zablokujesz albo odrzucisz cookies, niekt\u00f3re z naszych Us\u0142ug lub niekt\u00f3re cz\u0119\u015bci portalu mog\u0105 sta\u0107 si\u0119 dla Ciebie niedost\u0119pne lub mog\u0105 dzia\u0142a\u0107 nieprawid\u0142owo.<\/p>\n\n\n\n<h3 class=\"wp-block-heading\"><strong>2. Dlaczego przetwarzamy informacje na Tw\u00f3j temat?<\/strong><\/h3>\n\n\n\n<p>B\u0119dziemy wykorzystywa\u0107 Twoje dane osobowe tylko wtedy, gdy jest to zgodne z przepisami prawa. Najcz\u0119\u015bciej przetwarzamy Twoje dane osobowe, gdy:<\/p>\n\n\n\n<ul class=\"wp-block-list\">\n<li>Jest to niezb\u0119dne to zawarcia lub wykonania umowy.<\/li>\n\n\n\n<li>Jest to niezb\u0119dne do cel\u00f3w wynikaj\u0105cych z naszych prawnie uzasadnionych interes\u00f3w, polegaj\u0105cych na ulepszaniu naszych Us\u0142ug i zapewnianiu Ci dost\u0119pu do bezpiecznego i sprawnie dzia\u0142aj\u0105cego portalu.<\/li>\n\n\n\n<li>Jest to niezb\u0119dne do wype\u0142nienia ci\u0105\u017c\u0105cego na nas obowi\u0105zku prawnego.<\/li>\n<\/ul>\n\n\n\n<p>W pewnych okoliczno\u015bciach mo\u017cemy r\u00f3wnie\u017c przetwarza\u0107 Twoje dane osobowe na podstawie uzyskanej od Ciebie zgody. W takich przypadkach, w momencie pozyskiwania Twojej zgody poinformujemy Ci\u0119 o celu przetwarzania i kategorii przetwarzanych danych osobowych.<\/p>\n\n\n\n<h3 class=\"wp-block-heading\"><strong>3. Zmiany w naszej Polityce Prywatno\u015bci<\/strong><\/h3>\n\n\n\n<p>Polityka Prywatno\u015bci mo\u017ce by\u0107 przez nas zmieniana lub aktualizowana. Wszelkie zmiany zostan\u0105 zamieszczone na tej stronie, a dodatkowo poinformujemy Ci\u0119 o nich za po\u015brednictwem wiadomo\u015bci email lub naszego portalu.<\/p>\n\n\n\n<h3 class=\"wp-block-heading\"><strong>4. Twoje prawa<\/strong><\/h3>\n\n\n\n<p>Obowi\u0105zuj\u0105ce przepisy dotycz\u0105ce ochrony prywatno\u015bci przyznaj\u0105 Ci pewne prawa zwi\u0105zane z przetwarzaniem Twoich danych osobowych. O zakresie przys\u0142uguj\u0105cych Ci praw decyduje charakter podejmowanych przez nas dzia\u0142a\u0144.<\/p>\n\n\n\n<p>Je\u015bli chcesz zrealizowa\u0107 kt\u00f3rekolwiek z praw opisanych poni\u017cej, skontaktuj si\u0119 z nami za pomoc\u0105 wiadomo\u015bci e-mail lub ;<a style=\"color:#ff0000;\" href=\"https:\/\/primaapartamentos.com\/pl\/kontakt\/\" target=\"_blank\" rel=\"noreferrer noopener\"><strong>Formularza Kontaktowego<\/strong><\/a>.<\/p>\n\n\n\n<p><strong>Prawo dost\u0119pu <\/strong>do Twoich danych osobowych. Prawo to umo\u017cliwia Ci otrzymanie informacji, czy przetwarzamy dane osobowe na Tw\u00f3j temat, a je\u017celi tak, prawo do otrzymania kopii danych osobowych, kt\u00f3re przetwarzamy. Prawo dost\u0119pu do danych osobowych pozwala Ci na zweryfikowanie tego, czy przetwarzamy je zgodnie z prawem.<\/p>\n\n\n\n<p><strong>Prawo do sprostowania<\/strong> Twoich danych osobowych. Prawo to zapewnia mo\u017cliwo\u015b\u0107 \u017c\u0105dania poprawienia niekompletnych, nieprawdziwych lub nieaktualnych danych, kt\u00f3re przetwarzamy. W niekt\u00f3rych przypadkach realizuj\u0105c Twoje \u017c\u0105danie b\u0119dziemy musieli zweryfikowa\u0107 poprawno\u015b\u0107 nowych danych, kt\u00f3re nam dostarczysz.<\/p>\n\n\n\n<p><strong>Prawo do ograniczenia przetwarzania <\/strong>Twoich danych osobowych. Prawo to pozwala Ci zwr\u00f3ci\u0107 si\u0119 do nas o wstrzymanie przetwarzania Twoich danych osobowych w nast\u0119puj\u0105cych sytuacjach: (a) gdy chcesz aby\u015bmy sprawdzili prawid\u0142owo\u015b\u0107 danych; (b) gdy nasze przetwarzanie jest niezgodne z prawem; (c) gdy dane s\u0105 Ci potrzebne do ustalenia, dochodzenia lub obrony roszcze\u0144, mimo, \u017ce nie potrzebujemy ju\u017c Twoich danych do naszych w\u0142asnych cel\u00f3w przetwarzania; (d) gdy wnios\u0142e\u015b sprzeciw wobec naszego przetwarzania, ale musimy zweryfikowa\u0107 czy w dalszym ci\u0105gu mamy nadrz\u0119dne i prawnie uzasadnione podstawy do kontynuowania przetwarzania Twoich danych osobowych.<\/p>\n\n\n\n<p><strong>Prawo do usuni\u0119cia<\/strong> Twoich danych osobowych. Prawo to umo\u017cliwia Ci \u017c\u0105danie usuni\u0119cia Twoich danych osobowych, je\u015bli nie s\u0105 ju\u017c niezb\u0119dne do cel\u00f3w, dla kt\u00f3rych zosta\u0142y zebrane. Mo\u017cesz r\u00f3wnie\u017c \u017c\u0105da\u0107 od nas usuni\u0119cia Twoich danych osobowych, je\u015bli skutecznie zrealizowa\u0142e\u015b przys\u0142uguj\u0105ce Ci prawo do sprzeciwu wobec przetwarzania (zob. poni\u017cej), je\u015bli przetwarzamy Twoje dane niezgodnie z prawem lub jeste\u015bmy zobowi\u0105zani do usuni\u0119cia Twoich danych osobowych w celu wywi\u0105zania si\u0119 z obowi\u0105zku prawnego wskazanego w przepisach obowi\u0105zuj\u0105cego prawa. Pami\u0119taj, \u017ce w niekt\u00f3rych przypadkach, jeste\u015bmy zobowi\u0105zani przetwarza\u0107 Twoje dane na podstawie obowi\u0105zuj\u0105cych przepis\u00f3w i nie mo\u017cemy zrealizowa\u0107 Twojego \u017c\u0105dania.<\/p>\n\n\n\n<p><strong>Prawo do sprzeciwu <\/strong>wobec przetwarzania dotycz\u0105cych Ci\u0119 danych w sytuacji, gdy przetwarzamy Twoje dane w oparciu o przes\u0142ank\u0119 prawnie uzasadnionego interesu (naszego lub podmiot\u00f3w trzecich). Prawo do sprzeciwu mo\u017cesz wnie\u015b\u0107 z przyczyn zwi\u0105zanych z Twoj\u0105 szczeg\u00f3ln\u0105 sytuacj\u0105, gdy Twoim zdaniem przetwarzanie wp\u0142ywa na Twoje prawa lub wolno\u015bci. Prawo do wniesienia sprzeciwu przys\u0142uguje Ci r\u00f3wnie\u017c je\u015bli przetwarzamy Twoje dane w celach marketingu bezpo\u015bredniego. W niekt\u00f3rych przypadkach, mo\u017cemy wykaza\u0107, \u017ce posiadamy prawnie uzasadnione podstawy do przetwarzania danych, kt\u00f3re s\u0105 nadrz\u0119dne wobec Twoich praw i wolno\u015bci (np. konieczno\u015b\u0107 zapewnienia bezpiecze\u0144stwa portalu oraz przeciwdzia\u0142anie oszustwom). W takich przypadkach prawo do sprzeciwu nie \u0142\u0105czy si\u0119 z usuni\u0119ciem Twoich danych osobowych.<\/p>\n\n\n\n<p><strong>Prawo do przenoszenia<\/strong> Twoich danych osobowych. Realizuj\u0105c to prawo dostarczymy Ci lub wskazanej przez Ciebie osobie trzeciej Twoje dane osobowe w ustrukturyzowanym, powszechnie u\u017cywanym formacie, nadaj\u0105cym si\u0119 do odczytu maszynowego. Pami\u0119taj, \u017ce prawo to przys\u0142uguje Ci tylko w odniesieniu do danych przetwarzanych na podstawie zgody lub przes\u0142anki wykonania umowy, kt\u00f3r\u0105 z nami zawar\u0142e\u015b, a samo przetwarzanie odbywa si\u0119 w spos\u00f3b zautomatyzowany (w systemach informatycznych).<\/p>\n\n\n\n<p><strong>W przypadku, gdy udzieli\u0142e\u015b nam zgody na przetwarzanie Twoich danych osobowych, masz prawo do wycofania jej w dowolnym momencie. Wycofanie zgody nie wp\u0142ywa na zgodno\u015b\u0107 z prawem przetwarzania, kt\u00f3rego dokonano na podstawie zgody przed jej wycofaniem.<\/strong><\/p>\n\n\n\n<p><strong>Oczywi\u015bcie realizacja powy\u017cszych praw jest bezp\u0142atna: <\/strong>Nie b\u0119dziesz musia\u0142 wnosi\u0107 op\u0142aty za realizacj\u0119 prawa dost\u0119pu do Twoich danych osobowych (lub za realizacj\u0119 jakichkolwiek innych praw).<\/p>\n\n\n\n<p><strong>Czas realizacji \u017c\u0105da\u0144: <\/strong>Dok\u0142adamy stara\u0144, aby odpowiedzie\u0107 na wszystkie prawnie uzasadnione \u017c\u0105dania w ci\u0105gu jednego miesi\u0105ca.<\/p>\n\n\n\n<h3 class=\"wp-block-heading\"><strong>5. Komunikacja i Marketing<\/strong><\/h3>\n\n\n\n<p>B\u0119dziemy komunikowa\u0107 si\u0119 z Tob\u0105 za po\u015brednictwem kontaktu telefonicznego, wiadomo\u015bci email, SMS lub za pomoc\u0105 komunikatora WhatsApp. Komunikacja b\u0119dzie mie\u0107 na celu przekazywanie informacji zwi\u0105zanych z procesem wynajmu nieruchomo\u015bci.<\/p>\n\n\n\n<p>W przypadku, gdy potwierdzi\u0142e\u015b ch\u0119\u0107 otrzymywania informacji marketingowej mo\u017cemy dostarcza\u0107 do Ciebie materia\u0142y i informacje reklamowe. Mo\u017cesz jednak w ka\u017cdej chwili zrezygnowa\u0107 z otrzymywanej komunikacji marketingowej przez klikni\u0119cie w odpowiedni link umieszczony w wys\u0142anej do Ciebie wiadomo\u015bci email lub poprzez kontakt z nami za po\u015brednictwem <a style=\"color:#ff0000;\" href=\"https:\/\/primaapartamentos.com\/pl\/kontakt\/\" target=\"_blank\" rel=\"noreferrer noopener\"><strong>Formularza Kontaktowego<\/strong><\/a>.<\/p>\n\n\n\n<h3 class=\"wp-block-heading\"><strong>6. Gdzie i przez jaki okres przechowujemy Twoje dane?<\/strong><\/h3>\n\n\n\n<p>Dane, kt\u00f3re gromadzimy na Tw\u00f3j temat b\u0119d\u0105 przechowywane i przetwarzane zar\u00f3wno na terenie \u201eEOG\u201d, jak i poza nim, na odpowiednio zabezpieczonych serwerach, w celu zapewnienia naszym u\u017cytkownikom jak najwy\u017cszej jako\u015bci us\u0142ug, np. szybkich stron internetowych lub stale rozwijanych aplikacji mobilnych.<\/p>\n\n\n\n<p>Przechowujemy Twoje dane tak d\u0142ugo, jak jest to niezb\u0119dne do realizacji cel\u00f3w, dla kt\u00f3rych zosta\u0142y zebrane, w tym w ramach wype\u0142niania obowi\u0105zk\u00f3w prawnych, podatkowo-ksi\u0119gowych lub dla cel\u00f3w sprawozdawczych.<\/p>\n\n\n\n<p>W celu okre\u015blenia odpowiedniego okresu retencji danych osobowych, uwzgl\u0119dniamy ilo\u015b\u0107 i charakter przetwarzanych danych, w tym charakter danych szczeg\u00f3lnej kategorii. Bierzemy tak\u017ce pod uwag\u0119 potencjalne ryzyko niedozwolonego wykorzystania lub nieuprawnionego ujawnienia Twoich danych osobowych, mo\u017cliwo\u015b\u0107 realizacji cel\u00f3w przetwarzania za pomoc\u0105 innych \u015brodk\u00f3w orz tre\u015b\u0107 przepis\u00f3w odnosz\u0105cych si\u0119 do przetwarzanych danych osobowych.<\/p>\n\n\n\n<p>Dane osobowe zwi\u0105zane z technologi\u0105 plik\u00f3w cookie s\u0105 przechowywane przez czas odpowiadaj\u0105cy cyklowi \u017cycia plik\u00f3w cookie lub do czasu ich usuni\u0119cia przez U\u017cytkownika.<\/p>\n\n\n\n<h3 class=\"wp-block-heading\"><strong>7. Odno\u015bniki do strony internetowych podmiot\u00f3w trzecich<\/strong><\/h3>\n\n\n\n<p>Na naszym portalu znajduj\u0105 si\u0119 odno\u015bniki do stron internetowych lub aplikacji podmiot\u00f3w trzecich. Je\u015bli klikniesz w jeden z takich odno\u015bnik\u00f3w, pami\u0119taj, \u017ce ka\u017cda ze stron, na kt\u00f3r\u0105 zostaniesz przekierowany posiada w\u0142asn\u0105 polityk\u0119 prywatno\u015bci. Nie mamy wp\u0142ywu na takie strony internetowe\/aplikacje i nie jeste\u015bmy odpowiedzialni za ich polityki.<\/p>\n\n\n\n<h3 class=\"wp-block-heading\"><strong>8. Administrator danych osobowych<\/strong><\/h3>\n\n\n\n<p>Administratorem Twoich danych osobowych przetwarzanych w zwi\u0105zku z us\u0142ugami \u015bwiadczonymi za po\u015brednictwem portalu www.primaapartamentos.com jest Prima Apartamentos.<\/p>\n","protected":false},"excerpt":{"rendered":"<p>1. Rodzaj i zakres przetwarzanych danych osobowych 1.1 Dane przekazywane bezpo\u015brednio przez Ciebie Rezerwacja nocleg\u00f3w na portalu www.primaapartamentos.com Podczas rezerwacji nocleg\u00f3w na portalu www.primaapartamentos.com mo\u017cemy zbiera\u0107 na Tw\u00f3j temat nast\u0119puj\u0105ce informacje: imi\u0119, nazwisko oraz adres e-mail. Podczas dokonywania rezerwacji mo\u017cesz r\u00f3wnie\u017c dobrowolnie poda\u0107 sw\u00f3j numer telefonu kom\u00f3rkowego. Komunikacja telefoniczna oraz prowadzenie korespondencji W przypadku kontaktu &#8230;<\/p>\n","protected":false},"author":1,"featured_media":0,"parent":0,"menu_order":0,"comment_status":"closed","ping_status":"open","template":"gdpr_terms.php","meta":{"footnotes":""},"class_list":["post-30873","page","type-page","status-publish","hentry"],"_links":{"self":[{"href":"https:\/\/primaapartamentos.com\/pl\/wp-json\/wp\/v2\/pages\/30873","targetHints":{"allow":["GET"]}}],"collection":[{"href":"https:\/\/primaapartamentos.com\/pl\/wp-json\/wp\/v2\/pages"}],"about":[{"href":"https:\/\/primaapartamentos.com\/pl\/wp-json\/wp\/v2\/types\/page"}],"author":[{"embeddable":true,"href":"https:\/\/primaapartamentos.com\/pl\/wp-json\/wp\/v2\/users\/1"}],"replies":[{"embeddable":true,"href":"https:\/\/primaapartamentos.com\/pl\/wp-json\/wp\/v2\/comments?post=30873"}],"version-history":[{"count":6,"href":"https:\/\/primaapartamentos.com\/pl\/wp-json\/wp\/v2\/pages\/30873\/revisions"}],"predecessor-version":[{"id":30884,"href":"https:\/\/primaapartamentos.com\/pl\/wp-json\/wp\/v2\/pages\/30873\/revisions\/30884"}],"wp:attachment":[{"href":"https:\/\/primaapartamentos.com\/pl\/wp-json\/wp\/v2\/media?parent=30873"}],"curies":[{"name":"wp","href":"https:\/\/api.w.org\/{rel}","templated":true}]}}