{"id":30838,"date":"2015-04-23T12:57:21","date_gmt":"2015-04-23T10:57:21","guid":{"rendered":"https:\/\/primaapartamentos.com\/terms-and-conditions\/"},"modified":"2023-01-29T20:52:15","modified_gmt":"2023-01-29T19:52:15","slug":"terms-and-conditions","status":"publish","type":"page","link":"https:\/\/primaapartamentos.com\/pl\/terms-and-conditions\/","title":{"rendered":"Regulamin"},"content":{"rendered":"<p><strong>Regulamin portalu PRIMA APARTAMENTOS<\/strong><\/p>\n<p><strong>\u00a7 1. Wst\u0119p<\/strong><\/p>\n<ol>\n<li>Niniejszy regulamin okre\u015bla zasady korzystania z portalu Prima Apartamentos.<\/li>\n<li>W\u0142a\u015bciciele portalu b\u0119d\u0105 Pa\u0144stwu bardzo wdzi\u0119czni za przestrzeganie niniejszego regulaminu, kt\u00f3ry ma s\u0142u\u017cy\u0107 zapewnieniu spokoju i bezpiecze\u0144stwa pobytu wszystkich naszych go\u015bci oraz s\u0105siad\u00f3w.<\/li>\n<\/ol>\n<p><strong>\u00a7 2. Rezerwacja<\/strong><\/p>\n<ol>\n<li>W celu dokonania rezerwacji nale\u017cy skorzysta\u0107 z systemu rezerwacyjnego dost\u0119pnego w szczeg\u00f3\u0142ach oferty<br \/>\nPodczas rezerwacji nale\u017cy poda\u0107: termin pobytu, data przyjazdu i wyjazdu, dane kontaktowe, ilo\u015b\u0107 os\u00f3b w apartamencie oraz godzin\u0119 przybycia.<\/li>\n<li>Cena wynajmu uwzgl\u0119dnia op\u0142aty za media, tzn. pr\u0105d, woda, internet, telewizja satelitarna.<\/li>\n<li>W wyposa\u017ceniu apartamentu znajduje si\u0119 po\u015bciel oraz r\u0119czniki w ilo\u015bci jeden komplet na osob\u0119. Komplet zawiera: prze\u015bcierad\u0142o, poduszk\u0119, ko\u0142dr\u0119, du\u017cy r\u0119cznik, ma\u0142y r\u0119cznik.<\/li>\n<li>Dla potwierdzenia rezerwacji nale\u017cy w terminie 3 dni od dnia otrzymania e-maila z potwierdzeniem rezerwacji dokona\u0107 wp\u0142aty zaliczki w wysoko\u015bci 20% ceny. Pozosta\u0142a cz\u0119\u015b\u0107 p\u0142atna w got\u00f3wce jest na miejscu podczas zakwaterowania w nieruchomo\u015bci.<\/li>\n<li>Odwo\u0142anie rezerwacji do 30 dni przed dat\u0105 planowanego pobytu dokonane drog\u0105 e-mailow\u0105 jest bezkosztowe. Wp\u0142acona zaliczka zostanie zwr\u00f3cona w ci\u0105gu max 7 dni.<\/li>\n<li>Do ceny ko\u0144cowej nale\u017cy doliczy\u0107 op\u0142at\u0119 za sprz\u0105tanie ko\u0144cowe<\/li>\n<\/ol>\n<p><strong>\u00a7 3. Obowi\u0105zki go\u015bcia<\/strong><\/p>\n<ol>\n<li>Najemca zobowi\u0105zuje si\u0119 do korzystania z apartamentu wy\u0142\u0105cznie w celach mieszkaniowych i nie mo\u017ce oddawa\u0107 apartamentu w podnajem ani bezp\u0142atne u\u017cywanie osobom trzecim.<\/li>\n<li>W apartamencie nie mo\u017ce przebywa\u0107 wi\u0119ksza liczba os\u00f3b, ni\u017c zg\u0142oszona w procesie rezerwacji.<\/li>\n<li>Najemca jest zobowi\u0105zany do poszanowania zasad dobrego s\u0105siedztwa. W przypadku, gdy Najemca w spos\u00f3b znacz\u0105cy narusza spok\u00f3j lub dobra s\u0105siad\u00f3w oraz nie przestrzega powszechnie stosowanych norm wsp\u00f3\u0142\u017cycia mi\u0119dzyludzkiego, Wynajmuj\u0105cy zastrzega sobie prawo do wypowiedzenia umowy w trybie natychmiastowym i nie jest w\u00f3wczas zobowi\u0105zany do zwrotu Najemcy pieni\u0119dzy za niewykorzystany okres pobytu.<\/li>\n<li>Najemca zobowi\u0105zany jest do zachowania apartamentu w stanie zastanym w momencie rozpocz\u0119cia pobytu. Przestawianie mebli oraz sprz\u0119t\u00f3w AGD\/RTV, b\u0119d\u0105cych na wyposa\u017ceniu apartamentu jest zabronione.<\/li>\n<li>W apartamencie obowi\u0105zuje zachowanie ciszy nocnej od godziny 23.00 do godziny 7.00.<\/li>\n<li>Najemca ponosi odpowiedzialno\u015b\u0107 materialn\u0105 za wszelkiego rodzaju uszkodzenia lub zniszczenia przedmiot\u00f3w wyposa\u017cenia i urz\u0105dze\u0144 technicznych powsta\u0142e z jego winy lub winy os\u00f3b przebywaj\u0105cych w wynajmowanym przez Najemc\u0119 apartamencie w okresie trwania umowy najmu apartamentu.<\/li>\n<li>W przypadku wyst\u0105pienia szkody, niezw\u0142ocznie po jej stwierdzeniu, Najemca powinien zawiadomi\u0107 Wynajmuj\u0105cego.<\/li>\n<li>Najemca odpowiedzialny jest za klucze do apartamentu oraz kart\u0119 wst\u0119pu na basen, a w razie zagubienia \u2013 zobowi\u0105zany jest do pokrycia koszt\u00f3w ich odtworzenia.<\/li>\n<li>Najemca ma obowi\u0105zek zwr\u00f3ci\u0107 szczeg\u00f3ln\u0105 uwag\u0119 na nale\u017cyt\u0105 obs\u0142ug\u0119 zawor\u00f3w wody i urz\u0105dze\u0144 elektrycznych. Z uwagi na ochron\u0119 przeciwpo\u017carow\u0105 Najemca nie mo\u017ce u\u017cywa\u0107 jakichkolwiek urz\u0105dze\u0144 zasilanych energi\u0105 elektryczn\u0105, niestanowi\u0105cych wyposa\u017cenia lokalu poza: komputerami, \u0142adowarkami do urz\u0105dze\u0144 elektronicznych, maszynkami do golenia.<\/li>\n<li>Ze wzgl\u0119du na bezpiecze\u0144stwo i komfort go\u015bci palenie papieros\u00f3w \/ u\u017cywanie \u015bwiec w apartamencie jest zabronione!<\/li>\n<li>Serdecznie zapraszamy bez zwierz\u0105t domowych.<\/li>\n<li>Wynajmuj\u0105cy ma prawo odm\u00f3wi\u0107 przyj\u0119cia Najemcy, kt\u00f3ry podczas poprzedniego pobytu ra\u017c\u0105co naruszy\u0142 regulamin, wyrz\u0105dzi\u0142 szkody na mieniu Wynajmuj\u0105cego lub zak\u0142\u00f3ci\u0142 zasady dobros\u0105siedzkiego wsp\u00f3\u0142\u017cycia.<\/li>\n<li>Organizowanie wszelkiego rodzaju spotka\u0144 towarzyskich w apartamencie jest niedozwolone.<\/li>\n<\/ol>\n<p><strong>\u00a7 4. Przyjazd, odbi\u00f3r kluczy i p\u0142atno\u015b\u0107<\/strong><\/p>\n<ol>\n<li>Doba hotelowa rozpoczyna si\u0119 o godz. 15.00 i ko\u0144czy o godz. 11.00 dnia nast\u0119pnego.<\/li>\n<li>Zameldowanie odbywa si\u0119 od godziny 15.00 do 22.00. W przypadku ch\u0119ci zameldowania si\u0119 w innych godzinach, wymagany jest wcze\u015bniejszy kontakt w celu potwierdzenia takiej mo\u017cliwo\u015bci.<\/li>\n<li>W przypadku braku mo\u017cliwo\u015bci dotarcia na um\u00f3wion\u0105 wcze\u015bniej godzin\u0119, Najemca zobowi\u0105zany jest do natychmiastowego powiadomienia telefonicznie Wynajmuj\u0105cego. W razie braku kontaktu z Najemc\u0105, Wynajmuj\u0105cy zastrzega sobie prawo do anulowania rezerwacji.<\/li>\n<li>Procedura zameldowania wymaga okazania przez Go\u015bcia dowodu to\u017csamo\u015bci ze zdj\u0119ciem.<\/li>\n<li>W momencie zakwaterowania pobierana jest kaucja w wysoko\u015bci 200 EUR, kt\u00f3ra jest zwracana podczas wykwaterowania z nieruchomo\u015bci gdy nieruchomo\u015b\u0107 zostaje pozostawiona w stanie niepogorszonym i przestrzegano zasad opisanych w \u00a7 3.<\/li>\n<li>Op\u0142at\u0119 za pobyt uiszcza si\u0119 z g\u00f3ry got\u00f3wk\u0105 (o ile nie zosta\u0142a dokonana wcze\u015bniej przelewem).<\/li>\n<\/ol>\n<p><strong>\u00a7 5. Si\u0142a wy\u017csza<\/strong><\/p>\n<ol>\n<li>W przypadku wyst\u0105pienia niemo\u017cliwych do przewidzenia okoliczno\u015bci, kt\u00f3rych skutk\u00f3w nie mo\u017cna natychmiast zlikwidowa\u0107 zwyczajowymi \u015brodkami, Wynajmuj\u0105cy rezerwuje sobie prawo zaproponowania Najemcy lokalu zast\u0119pczego. Wynajmuj\u0105cy ma prawo, w przypadku wyst\u0105pienia zjawisk maj\u0105cych charakter si\u0142y wy\u017cszej odst\u0105pi\u0107 od umowy. Dotyczy to r\u00f3wnie\u017c przypadk\u00f3w, w kt\u00f3rych bezpiecze\u0144stwo osobiste Najemcy lub jego maj\u0105tku, z powod\u00f3w niezale\u017cnych od Wynajmuj\u0105cego, nie b\u0119dzie mog\u0142o by\u0107 zagwarantowane.<\/li>\n<li>W okoliczno\u015bciach wskazanych w \u00a7 5 pkt 1 kwoty wp\u0142acone przez Najemc\u0119 podlegaj\u0105 natychmiastowemu zwrotowi, z potr\u0105ceniem kwot nale\u017cnych Wynajmuj\u0105cemu za us\u0142ugi ju\u017c wykonane.<\/li>\n<\/ol>\n<p><strong>\u00a7 6. Reklamacje<\/strong><\/p>\n<ol>\n<li>W razie zaistnienia nieprawid\u0142owo\u015bci Najemca ma prawo do z\u0142o\u017cenia reklamacji w terminie 14 dni od ich wyst\u0105pienia. Reklamacje, skargi i wszelkie za\u017calenia nale\u017cy przesy\u0142a\u0107 na adres info@PrimaApartamentos.com<\/li>\n<li>Rozpatrzenie reklamacji nast\u0119puje w terminie 14 dni roboczych od jej otrzymania. Najemca zostanie niezw\u0142ocznie powiadomiony drog\u0105 e \u2013 mailow\u0105 o sposobie jej rozpatrzenia.<\/li>\n<\/ol>\n<p><strong>\u00a7 7. Postanowienia ko\u0144cowe<\/strong><\/p>\n<p>Spory rozstrzygane b\u0119d\u0105 przez s\u0105d w\u0142a\u015bciwy dla Wynajmuj\u0105cego.<\/p>\n","protected":false},"excerpt":{"rendered":"<p>Regulamin portalu PRIMA APARTAMENTOS \u00a7 1. Wst\u0119p Niniejszy regulamin okre\u015bla zasady korzystania z portalu Prima Apartamentos. W\u0142a\u015bciciele portalu b\u0119d\u0105 Pa\u0144stwu bardzo wdzi\u0119czni za przestrzeganie niniejszego regulaminu, kt\u00f3ry ma s\u0142u\u017cy\u0107 zapewnieniu spokoju i bezpiecze\u0144stwa pobytu wszystkich naszych go\u015bci oraz s\u0105siad\u00f3w. \u00a7 2. Rezerwacja W celu dokonania rezerwacji nale\u017cy skorzysta\u0107 z systemu rezerwacyjnego dost\u0119pnego w szczeg\u00f3\u0142ach oferty &#8230;<\/p>\n","protected":false},"author":1,"featured_media":0,"parent":0,"menu_order":0,"comment_status":"closed","ping_status":"open","template":"terms_conditions.php","meta":{"footnotes":""},"class_list":["post-30838","page","type-page","status-publish","hentry"],"_links":{"self":[{"href":"https:\/\/primaapartamentos.com\/pl\/wp-json\/wp\/v2\/pages\/30838","targetHints":{"allow":["GET"]}}],"collection":[{"href":"https:\/\/primaapartamentos.com\/pl\/wp-json\/wp\/v2\/pages"}],"about":[{"href":"https:\/\/primaapartamentos.com\/pl\/wp-json\/wp\/v2\/types\/page"}],"author":[{"embeddable":true,"href":"https:\/\/primaapartamentos.com\/pl\/wp-json\/wp\/v2\/users\/1"}],"replies":[{"embeddable":true,"href":"https:\/\/primaapartamentos.com\/pl\/wp-json\/wp\/v2\/comments?post=30838"}],"version-history":[{"count":2,"href":"https:\/\/primaapartamentos.com\/pl\/wp-json\/wp\/v2\/pages\/30838\/revisions"}],"predecessor-version":[{"id":30844,"href":"https:\/\/primaapartamentos.com\/pl\/wp-json\/wp\/v2\/pages\/30838\/revisions\/30844"}],"wp:attachment":[{"href":"https:\/\/primaapartamentos.com\/pl\/wp-json\/wp\/v2\/media?parent=30838"}],"curies":[{"name":"wp","href":"https:\/\/api.w.org\/{rel}","templated":true}]}}