{"id":30874,"date":"2023-01-20T21:27:40","date_gmt":"2023-01-20T20:27:40","guid":{"rendered":"https:\/\/primaapartamentos.com\/privacy-policy-2\/"},"modified":"2023-01-30T12:40:40","modified_gmt":"2023-01-30T11:40:40","slug":"privacy-policy-2","status":"publish","type":"page","link":"https:\/\/primaapartamentos.com\/es\/privacy-policy-2\/","title":{"rendered":"Pol\u00edtica de Privacidad"},"content":{"rendered":"\n<h3 class=\"wp-block-heading\">1. <strong>Tipo y alcance de los datos personales tratados<\/strong><\/h3>\n\n\n\n<h4 class=\"wp-block-heading\"><strong>1.1<em> Datos proporcionados directamente por usted<\/em><\/strong><\/h4>\n\n\n\n<p><strong>Reservar alojamiento en el portal www.primaapartamentos.com<\/strong><\/p>\n\n\n\n<p>Al reservar alojamiento en el portal www.primaapartamentos.com podemos recopilar la siguiente informaci\u00f3n sobre usted: su nombre y direcci\u00f3n de correo electr\u00f3nico.<\/p>\n\n\n\n<p>Tambi\u00e9n puede facilitar voluntariamente su n\u00famero de tel\u00e9fono m\u00f3vil al hacer una reserva.<\/p>\n\n\n\n<p><strong>Comunicaci\u00f3n telef\u00f3nica y correspondencia<\/strong><\/p>\n\n\n\n<p>Si se pone en contacto con nosotros por tel\u00e9fono o correo electr\u00f3nico, recopilaremos toda la informaci\u00f3n que decida facilitarnos cuando hable con nosotros o mantenga correspondencia. Las conversaciones telef\u00f3nicas no se graban.<\/p>\n\n\n\n<h4 class=\"wp-block-heading\"><strong>1.2<em> Datos que recopilamos autom\u00e1ticamente cuando utiliza nuestros Servicios<\/em><\/strong><\/h4>\n\n\n\n<p>Cuando utiliza nuestro portal, recopilamos autom\u00e1ticamente la siguiente informaci\u00f3n sobre usted:<\/p>\n\n\n\n<p><strong>Datos del dispositivo<\/strong><\/p>\n\n\n\n<p>Recopilamos informaci\u00f3n sobre su dispositivo, como la versi\u00f3n del sistema operativo e identificadores \u00fanicos. Un ejemplo de este tipo de informaci\u00f3n es el nombre de la red de telefon\u00eda m\u00f3vil que utiliza.<\/p>\n\n\n\n<p><strong>Datos de actividad en el portal<\/strong><\/p>\n\n\n\n<p>Recopilamos informaci\u00f3n sobre su actividad en el portal, que incluye informaci\u00f3n sobre las p\u00e1ginas desde las que llega a nuestro portal, la fecha de cada visita, los resultados de sus b\u00fasquedas, los listados de productos y anuncios publicitarios en los que ha hecho clic, sus interacciones con dichos anuncios y listados de productos, la duraci\u00f3n de su visita y el orden en que ha visitado cada secci\u00f3n de nuestro portal.<\/p>\n\n\n\n<p><strong>Cookies<\/strong><\/p>\n\n\n\n<p>Utilizamos cookies para gestionar las sesiones de usuario, almacenar una selecci\u00f3n de preferencias de idioma y ofrecerle publicidad relevante. Las \u00abcookies\u00bb son peque\u00f1os archivos de texto enviados por un servidor web al disco duro de su dispositivo. Las cookies pueden utilizarse para recopilar informaci\u00f3n sobre la fecha y hora de su visita, su historial de navegaci\u00f3n, sus preferencias y su nombre de usuario. Puede cambiar la configuraci\u00f3n de su navegador para rechazar todas o algunas cookies, o establecer advertencias para informarle de que los sitios web colocan cookies o acceden a ellas. Tenga en cuenta que si bloquea o rechaza las cookies, es posible que algunos de nuestros Servicios o algunas partes del portal no est\u00e9n disponibles para usted o no funcionen correctamente.<\/p>\n\n\n\n<h3 class=\"wp-block-heading\"><strong>2. \u00bfPor qu\u00e9 procesamos informaci\u00f3n sobre usted?<\/strong><\/h3>\n\n\n\n<p>S\u00f3lo utilizaremos sus datos personales cuando sea conforme a la ley. La mayor\u00eda de las veces tratamos sus datos personales cuando:<\/p>\n\n\n\n<ul class=\"wp-block-list\">\n<li>Esto es necesario para la firmaci\u00f3n o ejecuci\u00f3n del contrato.<\/li>\n\n\n\n<li>Esto es necesario a efectos de nuestros intereses leg\u00edtimos en mejorar nuestros Servicios y proporcionarle acceso a un portal seguro y eficiente.<\/li>\n\n\n\n<li>Esto es necesario para cumplir nuestras obligaciones legales.<\/li>\n<\/ul>\n\n\n\n<p>En determinadas circunstancias, tambi\u00e9n podemos tratar sus datos personales sobre la base del consentimiento obtenido de usted. En tales casos, le informaremos de la finalidad del tratamiento y de la categor\u00eda de datos personales que se est\u00e1n tratando cuando obtengamos su consentimiento.<\/p>\n\n\n\n<h3 class=\"wp-block-heading\"><strong>3. Cambios en nuestra Pol\u00edtica de Privacidad<\/strong><\/h3>\n\n\n\n<p>Esta Pol\u00edtica de Privacidad puede ser modificada o actualizada por nosotros. Cualquier cambio se publicar\u00e1 en esta p\u00e1gina y, adem\u00e1s, le informaremos de los cambios por correo electr\u00f3nico o a trav\u00e9s de nuestro portal.<\/p>\n\n\n\n<h3 class=\"wp-block-heading\"><strong>4. Sus derechos<\/strong><\/h3>\n\n\n\n<p>La legislaci\u00f3n aplicable en materia de privacidad le otorga determinados derechos en relaci\u00f3n con el tratamiento de sus datos personales. El alcance de sus derechos viene determinado por la naturaleza de las actividades que realizamos.<\/p>\n\n\n\n<p>Si desea ejercer alguno de los derechos descritos a continuaci\u00f3n, p\u00f3ngase en contacto con nosotros por correo electr\u00f3nico o <a style=\"color:#ff0000;\" href=\"https:\/\/primaapartamentos.com\/pl\/kontakt\/\" target=\"_blank\" rel=\"noreferrer noopener\"><strong>Formulario de contacto<\/strong><\/a>.<\/p>\n\n\n\n<p><strong>Derecho de acceso<\/strong> a sus datos personales. Este derecho le permite ser informado de si procesamos datos personales sobre usted y, en caso afirmativo, el derecho a recibir una copia de los datos personales que procesamos. El derecho de acceso a sus datos personales le permite verificar que los estamos tratando legalmente.<\/p>\n\n\n\n<p><strong>Derecho de rectificaci\u00f3n<\/strong> de sus datos personales. Este derecho le brinda la oportunidad de solicitar la rectificaci\u00f3n de los datos incompletos, incorrectos u obsoletos que procesamos. En algunos casos, para atender su solicitud, tendremos que verificar la exactitud de los nuevos datos que nos facilite.<\/p>\n\n\n\n<p><strong>Derecho a restringir el tratamiento<\/strong> de sus datos personales. Este derecho le permite pedirnos que detengamos el tratamiento de sus datos personales en las siguientes situaciones: (a) cuando quiera que comprobemos la exactitud de los datos; (b) cuando nuestro tratamiento sea ilegal; (c) cuando necesite los datos para establecer, hacer valer o defender una reclamaci\u00f3n, aunque ya no necesitemos sus datos para nuestros propios fines de tratamiento; (d) cuando se haya opuesto a nuestro tratamiento, pero necesitemos verificar que seguimos teniendo motivos imperiosos y leg\u00edtimos para seguir tratando sus datos personales.<\/p>\n\n\n\n<p><strong>Derecho a la supresi\u00f3n<\/strong> de sus datos personales. Este derecho le permite solicitar la supresi\u00f3n de sus datos personales si ya no son necesarios para los fines para los que fueron recogidos. Tambi\u00e9n puede solicitarnos que borremos sus datos personales si ha ejercido con \u00e9xito su derecho a oponerse al tratamiento (v\u00e9ase m\u00e1s abajo), si estamos tratando sus datos ilegalmente o si estamos obligados a borrar sus datos personales para cumplir una obligaci\u00f3n legal indicada por la legislaci\u00f3n aplicable. Tenga en cuenta que, en algunos casos, estamos obligados a tratar sus datos sobre la base de la legislaci\u00f3n aplicable y no podemos atender su solicitud.<\/p>\n\n\n\n<p><strong>Derecho a oponerse<\/strong> al tratamiento de los datos que le conciernen cuando tratemos sus datos por motivos de inter\u00e9s leg\u00edtimo (nuestro o de terceros). Puede presentar un derecho de oposici\u00f3n por motivos relacionados con su situaci\u00f3n particular cuando considere que el tratamiento afecta a sus derechos o libertades. Tambi\u00e9n tiene derecho a oponerse si procesamos sus datos con fines de marketing directo. En algunos casos, podemos demostrar que tenemos motivos leg\u00edtimos para el tratamiento que prevalecen sobre sus derechos y libertades (por ejemplo, la necesidad de garantizar la seguridad del portal y evitar el fraude). En tales casos, el derecho de oposici\u00f3n no se combina con la supresi\u00f3n de sus datos personales.<\/p>\n\n\n\n<p><strong>Derecho a la portabilidad<\/strong> de sus datos personales. En el ejercicio de este derecho, le facilitaremos a usted o a un tercero designado por usted sus datos personales en un formato estructurado, de uso com\u00fan y lectura mec\u00e1nica. Tenga en cuenta que s\u00f3lo tiene este derecho en relaci\u00f3n con los datos tratados sobre la base del consentimiento o un requisito previo para la ejecuci\u00f3n de un contrato que haya celebrado con nosotros, y que el tratamiento en s\u00ed se lleva a cabo por medios automatizados (en sistemas inform\u00e1ticos).<\/p>\n\n\n\n<p><strong>Si nos ha dado su consentimiento para tratar sus datos personales, tiene derecho a retirarlo en cualquier momento. La retirada del consentimiento no afecta a la legalidad del tratamiento efectuado sobre la base del consentimiento previo a su retirada.<\/strong><\/p>\n\n\n\n<p><strong>Por supuesto, el ejercicio de los derechos mencionados es gratuito: <\/strong>No tendr\u00e1 que pagar ninguna tasa por ejercer el derecho de acceso a sus datos personales (ni por ejercer ning\u00fan otro derecho).<\/p>\n\n\n\n<p><strong>Tiempo de respuesta a las solicitudes: <\/strong>Nos esforzamos por responder a todas las solicitudes leg\u00edtimas en el plazo de un mes.<\/p>\n\n\n\n<h3 class=\"wp-block-heading\"><strong>5. Comunicaci\u00f3n y marketing<\/strong><\/h3>\n\n\n\n<p>Nos comunicaremos con usted por tel\u00e9fono, correo electr\u00f3nico, SMS o a trav\u00e9s del servicio de mensajer\u00eda WhatsApp. La comunicaci\u00f3n tendr\u00e1 por objeto transmitir informaci\u00f3n relacionada con el proceso de alquiler de inmuebles.<\/p>\n\n\n\n<p>Cuando haya confirmado que desea recibir comunicaciones de marketing, podremos enviarle material e informaci\u00f3n de marketing. Sin embargo, usted puede optar por no recibir comunicaciones de marketing en cualquier momento haciendo clic en el enlace correspondiente en el correo electr\u00f3nico enviado a usted o poni\u00e9ndose en contacto con nosotros a trav\u00e9s del <a style=\"color:#ff0000;\" href=\"https:\/\/primaapartamentos.com\/pl\/kontakt\/\" target=\"_blank\" rel=\"noreferrer noopener\"><strong>Formulario de Contacto<\/strong><\/a>.<\/p>\n\n\n\n<h3 class=\"wp-block-heading\"><strong>6. \u00bfD\u00f3nde y durante cu\u00e1nto tiempo conservamos sus datos?<\/strong><\/h3>\n\n\n\n<p>Los datos que recopilemos sobre usted se almacenar\u00e1n y procesar\u00e1n tanto dentro como fuera del \u00abUE\u00bb en servidores debidamente protegidos con el fin de ofrecer a nuestros usuarios la m\u00e1xima calidad de servicio posible, por ejemplo, sitios web r\u00e1pidos o aplicaciones m\u00f3viles en continuo desarrollo.<\/p>\n\n\n\n<p>Conservamos sus datos durante el tiempo necesario para cumplir los fines para los que fueron recogidos, incluido el cumplimiento de obligaciones legales, fiscales y contables o para la elaboraci\u00f3n de informes.<\/p>\n\n\n\n<p>Para determinar un periodo de conservaci\u00f3n adecuado de los datos personales, tenemos en cuenta la cantidad y la naturaleza de los datos tratados, incluida la naturaleza de las categor\u00edas especiales de datos. Tambi\u00e9n tenemos en cuenta el riesgo potencial de uso no autorizado o divulgaci\u00f3n no autorizada de sus datos personales, la posibilidad de alcanzar los fines del tratamiento por otros medios y el contenido de la legislaci\u00f3n relativa a los datos personales tratados.<\/p>\n\n\n\n<p>Los datos personales relacionados con la tecnolog\u00eda de cookies se almacenan durante un periodo de tiempo correspondiente al ciclo de vida de las cookies o hasta que el Usuario los elimina.<\/p>\n\n\n\n<h3 class=\"wp-block-heading\"><strong>7. Enlaces a sitios web de terceros<\/strong><\/h3>\n\n\n\n<p>Nuestro portal contiene enlaces a sitios web o aplicaciones de terceros. Si hace clic en uno de esos enlaces, tenga en cuenta que cada sitio web al que se le redirige tiene su propia pol\u00edtica de privacidad. No tenemos ning\u00fan control sobre dichos sitios web o aplicaciones y no somos responsables de sus pol\u00edticas.<\/p>\n\n\n\n<h3 class=\"wp-block-heading\"><strong>8. Administrador de datos personales<\/strong><\/h3>\n\n\n\n<p>El administrador de sus datos personales tratados en relaci\u00f3n con los servicios prestados a trav\u00e9s de www.primaapartamentos.com es Prima Apartamentos.<\/p>\n","protected":false},"excerpt":{"rendered":"<p>1. Tipo y alcance de los datos personales tratados 1.1 Datos proporcionados directamente por usted Reservar alojamiento en el portal www.primaapartamentos.com Al reservar alojamiento en el portal www.primaapartamentos.com podemos recopilar la siguiente informaci\u00f3n sobre usted: su nombre y direcci\u00f3n de correo electr\u00f3nico. Tambi\u00e9n puede facilitar voluntariamente su n\u00famero de tel\u00e9fono m\u00f3vil al hacer una reserva. &#8230;<\/p>\n","protected":false},"author":1,"featured_media":0,"parent":0,"menu_order":0,"comment_status":"closed","ping_status":"open","template":"gdpr_terms.php","meta":{"footnotes":""},"class_list":["post-30874","page","type-page","status-publish","hentry"],"_links":{"self":[{"href":"https:\/\/primaapartamentos.com\/es\/wp-json\/wp\/v2\/pages\/30874","targetHints":{"allow":["GET"]}}],"collection":[{"href":"https:\/\/primaapartamentos.com\/es\/wp-json\/wp\/v2\/pages"}],"about":[{"href":"https:\/\/primaapartamentos.com\/es\/wp-json\/wp\/v2\/types\/page"}],"author":[{"embeddable":true,"href":"https:\/\/primaapartamentos.com\/es\/wp-json\/wp\/v2\/users\/1"}],"replies":[{"embeddable":true,"href":"https:\/\/primaapartamentos.com\/es\/wp-json\/wp\/v2\/comments?post=30874"}],"version-history":[{"count":4,"href":"https:\/\/primaapartamentos.com\/es\/wp-json\/wp\/v2\/pages\/30874\/revisions"}],"predecessor-version":[{"id":30893,"href":"https:\/\/primaapartamentos.com\/es\/wp-json\/wp\/v2\/pages\/30874\/revisions\/30893"}],"wp:attachment":[{"href":"https:\/\/primaapartamentos.com\/es\/wp-json\/wp\/v2\/media?parent=30874"}],"curies":[{"name":"wp","href":"https:\/\/api.w.org\/{rel}","templated":true}]}}