{"id":30839,"date":"2015-04-23T12:57:21","date_gmt":"2015-04-23T10:57:21","guid":{"rendered":"https:\/\/primaapartamentos.com\/terms-and-conditions\/"},"modified":"2023-01-30T15:28:29","modified_gmt":"2023-01-30T14:28:29","slug":"terms-and-conditions","status":"publish","type":"page","link":"https:\/\/primaapartamentos.com\/es\/terms-and-conditions\/","title":{"rendered":"Reglamento"},"content":{"rendered":"<p><strong>Reglamento del portal PRIMA APARTAMENTOS<\/strong><br \/>\n<strong>\u00a7 1. Introducci\u00f3n<\/strong><\/p>\n<ol>\n<li>El reglamento establece las normas de uso del portal Prima Apartamentos.<\/li>\n<li>Los propietarios de los pisos le estar\u00e1n muy agradecidos por respetar estas normas y reglamentos, que tienen por objeto garantizar la tranquilidad y la seguridad de la estancia de todos nuestros hu\u00e9spedes y vecinos.<\/li>\n<\/ol>\n<p><strong>\u00a7 2. Reservas<\/strong><\/p>\n<ol>\n<li>Para hacer una reserva, utilice el sistema de reservas disponible en los detalles de la oferta.<br \/>\nAl hacer una reserva, indique: la fecha de la estancia, la fecha de llegada y de salida, los datos de contacto, el n\u00famero de personas en el piso y la hora de llegada.<\/li>\n<li>El precio del alquiler incluye los gastos de electricidad, agua, Internet y televisi\u00f3n por sat\u00e9lite.<\/li>\n<li>El piso est\u00e1 equipado con ropa de cama y toallas en la cantidad de un juego por persona. El juego incluye: s\u00e1bana, almohada, edred\u00f3n, toalla grande, toalla peque\u00f1a.<\/li>\n<li>Para confirmar la reserva, deber\u00e1 abonarse un dep\u00f3sito del 20% del precio en un plazo de 3 d\u00edas a partir de la recepci\u00f3n del correo electr\u00f3nico de confirmaci\u00f3n de la reserva. El resto se paga en efectivo in situ durante el alojamiento en la propiedad.<\/li>\n<li>Las anulaciones efectuadas por correo electr\u00f3nico hasta 30 d\u00edas antes de la fecha de estancia prevista son gratuitas. El dep\u00f3sito pagado se reembolsar\u00e1 en un plazo m\u00e1ximo de 7 d\u00edas.<\/li>\n<li>Al precio final debe a\u00f1adirse un cargo por limpieza final.<\/li>\n<\/ol>\n<p><strong>\u00a7 3. Responsabilidades de los Inquilinos<\/strong><\/p>\n<ol>\n<li>El Inquilino se compromete a utilizar el piso exclusivamente con fines residenciales y no podr\u00e1 subarrendarlo ni ponerlo a disposici\u00f3n de terceros para su uso gratuito.<\/li>\n<li>No pueden alojarse en el piso m\u00e1s personas que las declaradas durante el proceso de reserva.<\/li>\n<li>El Inquilino est\u00e1 obligado a respetar las normas de buena vecindad. En caso de que el Inquilino atente sustancialmente contra la paz o el bienestar de los vecinos y no respete las normas de convivencia interpersonal generalmente aplicables, el Arrendador se reserva el derecho de rescindir el contrato con efecto inmediato y no estar\u00e1 obligado entonces a reembolsar al Inquilino el periodo de estancia no utilizado.<\/li>\n<li>El Inquilino est\u00e1 obligado a mantener el piso en las mismas condiciones que al principio de su estancia. Est\u00e1 prohibido mover los muebles o electrodom\u00e9sticos\/televisores incluidos en el piso.<\/li>\n<li>El piso tiene toque de queda de 23:00 a 7:00.<\/li>\n<li>El Inquilino ser\u00e1 materialmente responsable de cualquier da\u00f1o o destrucci\u00f3n de equipos y dispositivos t\u00e9cnicos causados por \u00e9l mismo o por las personas que se alojen en la vivienda alquilada por el Inquilino durante la vigencia del contrato de alquiler de vivienda.<\/li>\n<li>En caso de da\u00f1os, el Inquilino deber\u00e1 notificarlo al Arrendador inmediatamente despu\u00e9s de descubrirlos.<\/li>\n<li>El Inquilino es responsable de las llaves del piso y de la tarjeta de acceso a la piscina y, en caso de p\u00e9rdida, est\u00e1 obligado a cubrir los gastos de reposici\u00f3n de las mismas.<\/li>\n<li>El Inquilino deber\u00e1 prestar especial atenci\u00f3n al buen funcionamiento de las llaves de paso y de los aparatos el\u00e9ctricos. Por razones de protecci\u00f3n contra incendios, el Inquilino no est\u00e1 autorizado a utilizar aparatos el\u00e9ctricos que no formen parte del mobiliario de los locales, a excepci\u00f3n de: ordenadores, cargadores de aparatos electr\u00f3nicos, maquinillas de afeitar.<\/li>\n<li>Por razones de seguridad y comodidad de los hu\u00e9spedes, est\u00e1 prohibido fumar o utilizar velas en el apartamento.<\/li>\n<li>Se admiten animales sin mascota.<\/li>\n<li>El Arrendador tiene derecho a negarse a alojar a un Inquilino que, durante una estancia anterior, haya infringido gravemente el reglamento, causado da\u00f1os a la propiedad del Arrendador o perturbado las normas de buena vecindad.<\/li>\n<li>No est\u00e1 permitido celebrar actos sociales de ning\u00fan tipo en el piso.<\/li>\n<\/ol>\n<p><strong>\u00a7 4. Llegada, recogida de llaves y pago<\/strong><\/p>\n<ol>\n<li>El registro comienza a las 15.00 horas y termina a las 11.00 horas del d\u00eda siguiente.<\/li>\n<li>El horario de entrada es de 15.00 a 22.00. Si desea registrarse en otro horario, es necesario ponerse en contacto previamente para confirmar esta posibilidad.<\/li>\n<li>Si el arrendatario no puede llegar a la hora acordada, est\u00e1 obligado a informar inmediatamente al intermediario por tel\u00e9fono. En caso de que el arrendatario no se ponga en contacto con el intermediario, \u00e9ste se reserva el derecho de anular la reserva.<\/li>\n<li>El procedimiento de facturaci\u00f3n requiere que el Hu\u00e9sped muestre un documento de identidad con fotograf\u00eda.<\/li>\n<li>Se cobra un fianza de 200 EUR en el momento del alojamiento, que se reembolsa a la salida cuando la propiedad se deja en buen estado y se han cumplido las normas descritas en el \u00a7 3.<\/li>\n<li>El importe de la estancia se paga por adelantado en efectivo (a menos que ya se haya abonado por transferencia bancaria).<\/li>\n<\/ol>\n<p><strong>\u00a7 5. Fuerza mayor<\/strong><\/p>\n<ol>\n<li>En caso de que se produzcan circunstancias imprevisibles, cuyas consecuencias no puedan eliminarse inmediatamente por los medios habituales, el Arrendador se reserva el derecho de ofrecer al Inquilino un local alternativo. El Arrendador tiene derecho a rescindir el contrato en caso de fuerza mayor. Esto tambi\u00e9n se aplicar\u00e1 si la seguridad personal del Inquilino o de sus bienes no puede garantizarse por razones ajenas al Arrendador.<\/li>\n<li>En las circunstancias indicadas en el \u00a7 5 punto 1, las cantidades abonadas por el Inquilino ser\u00e1n inmediatamente reembolsadas, con deducci\u00f3n de las cantidades debidas al Arrendador por los servicios ya prestados.<\/li>\n<\/ol>\n<p><strong>\u00a7 6. Reclamaciones<\/strong><\/p>\n<ol>\n<li>En caso de irregularidades, el arrendatario tiene derecho a presentar una reclamaci\u00f3n en un plazo de 14 d\u00edas desde que se produzcan. Las reclamaciones, quejas y posibles reclamaciones deben enviarse a la siguiente direcci\u00f3n info@PrimaApartamentos.com<\/li>\n<li>La reclamaci\u00f3n se tramitar\u00e1 en un plazo de 14 d\u00edas laborables a partir de su recepci\u00f3n. El arrendatario ser\u00e1 informado inmediatamente por correo electr\u00f3nico del resultado de la reclamaci\u00f3n.<\/li>\n<\/ol>\n<p><strong>\u00a7 7. Disposiciones finales<\/strong><\/p>\n<p>Los litigios ser\u00e1n resueltos por el tribunal competente del Arrendador.<\/p>\n","protected":false},"excerpt":{"rendered":"<p>Reglamento del portal PRIMA APARTAMENTOS \u00a7 1. Introducci\u00f3n El reglamento establece las normas de uso del portal Prima Apartamentos. Los propietarios de los pisos le estar\u00e1n muy agradecidos por respetar estas normas y reglamentos, que tienen por objeto garantizar la tranquilidad y la seguridad de la estancia de todos nuestros hu\u00e9spedes y vecinos. \u00a7 2. &#8230;<\/p>\n","protected":false},"author":1,"featured_media":0,"parent":0,"menu_order":0,"comment_status":"closed","ping_status":"open","template":"terms_conditions.php","meta":{"footnotes":""},"class_list":["post-30839","page","type-page","status-publish","hentry"],"_links":{"self":[{"href":"https:\/\/primaapartamentos.com\/es\/wp-json\/wp\/v2\/pages\/30839","targetHints":{"allow":["GET"]}}],"collection":[{"href":"https:\/\/primaapartamentos.com\/es\/wp-json\/wp\/v2\/pages"}],"about":[{"href":"https:\/\/primaapartamentos.com\/es\/wp-json\/wp\/v2\/types\/page"}],"author":[{"embeddable":true,"href":"https:\/\/primaapartamentos.com\/es\/wp-json\/wp\/v2\/users\/1"}],"replies":[{"embeddable":true,"href":"https:\/\/primaapartamentos.com\/es\/wp-json\/wp\/v2\/comments?post=30839"}],"version-history":[{"count":5,"href":"https:\/\/primaapartamentos.com\/es\/wp-json\/wp\/v2\/pages\/30839\/revisions"}],"predecessor-version":[{"id":30898,"href":"https:\/\/primaapartamentos.com\/es\/wp-json\/wp\/v2\/pages\/30839\/revisions\/30898"}],"wp:attachment":[{"href":"https:\/\/primaapartamentos.com\/es\/wp-json\/wp\/v2\/media?parent=30839"}],"curies":[{"name":"wp","href":"https:\/\/api.w.org\/{rel}","templated":true}]}}