{"id":29975,"date":"2023-01-25T21:06:37","date_gmt":"2023-01-25T20:06:37","guid":{"rendered":"https:\/\/primaapartamentos.com\/optional-services\/"},"modified":"2023-12-18T21:34:39","modified_gmt":"2023-12-18T20:34:39","slug":"optional-services","status":"publish","type":"page","link":"https:\/\/primaapartamentos.com\/es\/optional-services\/","title":{"rendered":"Nevera completa"},"content":{"rendered":"\n\n<p><strong>\u00abNevera completa\u00bb<\/strong><\/p>\n\n\n\n<p>Para que pueda disfrutar de sus vacaciones desde los primeros momentos de llegar a su destino, le ofrecemos un servicio para abastecer su nevera con lo esencial: bebidas fr\u00edas, aperitivos, fruta, etc.<\/p>\n\n\n\n<p>El pedido puede incluir un m\u00e1ximo de 10 tipos de productos alimenticios.<\/p>\n\n\n\n<p>A\u00f1adimos  <strong>10 EUR<\/strong> a la factura por el servicio.<\/p>\n\n\n\n<figure class=\"wp-block-image size-full\"><a href=\"https:\/\/primaapartamentos.com\/wp-content\/uploads\/2023\/01\/pelna-lodowka_1024x256.jpg\"><img fetchpriority=\"high\" decoding=\"async\" width=\"1024\" height=\"256\" src=\"https:\/\/primaapartamentos.com\/wp-content\/uploads\/2023\/01\/pelna-lodowka_1024x256.jpg\" alt=\"\" class=\"wp-image-29968\" srcset=\"https:\/\/primaapartamentos.com\/wp-content\/uploads\/2023\/01\/pelna-lodowka_1024x256.jpg 1024w, https:\/\/primaapartamentos.com\/wp-content\/uploads\/2023\/01\/pelna-lodowka_1024x256-300x75.jpg 300w, https:\/\/primaapartamentos.com\/wp-content\/uploads\/2023\/01\/pelna-lodowka_1024x256-768x192.jpg 768w\" sizes=\"(max-width: 1024px) 100vw, 1024px\" \/><\/a><\/figure>\n","protected":false},"excerpt":{"rendered":"<p>\u00abNevera completa\u00bb Para que pueda disfrutar de sus vacaciones desde los primeros momentos de llegar a su destino, le ofrecemos un servicio para abastecer su nevera con lo esencial: bebidas fr\u00edas, aperitivos, fruta, etc. El pedido puede incluir un m\u00e1ximo de 10 tipos de productos alimenticios. A\u00f1adimos 10 EUR a la factura por el servicio.<\/p>\n","protected":false},"author":4,"featured_media":0,"parent":0,"menu_order":0,"comment_status":"closed","ping_status":"closed","template":"","meta":{"footnotes":""},"class_list":["post-29975","page","type-page","status-publish","hentry"],"_links":{"self":[{"href":"https:\/\/primaapartamentos.com\/es\/wp-json\/wp\/v2\/pages\/29975","targetHints":{"allow":["GET"]}}],"collection":[{"href":"https:\/\/primaapartamentos.com\/es\/wp-json\/wp\/v2\/pages"}],"about":[{"href":"https:\/\/primaapartamentos.com\/es\/wp-json\/wp\/v2\/types\/page"}],"author":[{"embeddable":true,"href":"https:\/\/primaapartamentos.com\/es\/wp-json\/wp\/v2\/users\/4"}],"replies":[{"embeddable":true,"href":"https:\/\/primaapartamentos.com\/es\/wp-json\/wp\/v2\/comments?post=29975"}],"version-history":[{"count":2,"href":"https:\/\/primaapartamentos.com\/es\/wp-json\/wp\/v2\/pages\/29975\/revisions"}],"predecessor-version":[{"id":31783,"href":"https:\/\/primaapartamentos.com\/es\/wp-json\/wp\/v2\/pages\/29975\/revisions\/31783"}],"wp:attachment":[{"href":"https:\/\/primaapartamentos.com\/es\/wp-json\/wp\/v2\/media?parent=29975"}],"curies":[{"name":"wp","href":"https:\/\/api.w.org\/{rel}","templated":true}]}}